{"id":523,"date":"2023-01-25T18:52:10","date_gmt":"2023-01-25T18:52:10","guid":{"rendered":"https:\/\/portfolios.gremmi.fr\/?page_id=523"},"modified":"2023-10-25T14:21:25","modified_gmt":"2023-10-25T14:21:25","slug":"accueil","status":"publish","type":"page","link":"https:\/\/portfolios.24.gremmi.fr\/","title":{"rendered":"Mon portfolio de traces"},"content":{"rendered":"\t\t<div data-elementor-type=\"wp-page\" data-elementor-id=\"523\" class=\"elementor elementor-523\" data-elementor-post-type=\"page\">\n\t\t\t\t<div class=\"elementor-element elementor-element-96e3a63 e-flex e-con-boxed e-con e-parent\" data-id=\"96e3a63\" data-element_type=\"container\" data-e-type=\"container\">\n\t\t\t\t\t<div class=\"e-con-inner\">\n\t\t<div class=\"elementor-element elementor-element-5c91419 e-flex e-con-boxed e-con e-child\" data-id=\"5c91419\" data-element_type=\"container\" data-e-type=\"container\" data-settings=\"{&quot;background_background&quot;:&quot;classic&quot;}\">\n\t\t\t\t\t<div class=\"e-con-inner\">\n\t\t\t\t<div class=\"elementor-element elementor-element-ffc2426 elementor-widget elementor-widget-theme-post-title elementor-page-title elementor-widget-heading\" data-id=\"ffc2426\" data-element_type=\"widget\" data-e-type=\"widget\" data-widget_type=\"theme-post-title.default\">\n\t\t\t\t<div class=\"elementor-widget-container\">\n\t\t\t\t\t<h2 class=\"elementor-heading-title elementor-size-default\">Mon portfolio de traces<\/h2>\t\t\t\t<\/div>\n\t\t\t\t<\/div>\n\t\t\t\t\t<\/div>\n\t\t\t\t<\/div>\n\t\t\t\t\t<\/div>\n\t\t\t\t<\/div>\n\t\t<div class=\"elementor-element elementor-element-3e75d21 e-flex e-con-boxed e-con e-parent\" data-id=\"3e75d21\" data-element_type=\"container\" data-e-type=\"container\">\n\t\t\t\t\t<div class=\"e-con-inner\">\n\t\t<div class=\"elementor-element elementor-element-14ce4b5 e-con-full e-flex e-con e-child\" data-id=\"14ce4b5\" data-element_type=\"container\" data-e-type=\"container\" data-settings=\"{&quot;background_background&quot;:&quot;classic&quot;}\">\n\t\t\t\t<div class=\"elementor-element elementor-element-1b1103c elementor-widget elementor-widget-heading\" data-id=\"1b1103c\" data-element_type=\"widget\" data-e-type=\"widget\" data-widget_type=\"heading.default\">\n\t\t\t\t<div class=\"elementor-widget-container\">\n\t\t\t\t\t<h2 class=\"elementor-heading-title elementor-size-default\">C'est quoi un portfolio ?<\/h2>\t\t\t\t<\/div>\n\t\t\t\t<\/div>\n\t\t\t\t<div class=\"elementor-element elementor-element-ab6b6a6 elementor-widget elementor-widget-heading\" data-id=\"ab6b6a6\" data-element_type=\"widget\" data-e-type=\"widget\" data-widget_type=\"heading.default\">\n\t\t\t\t<div class=\"elementor-widget-container\">\n\t\t\t\t\t<h3 class=\"elementor-heading-title elementor-size-default\">D\u00e9finitions pr\u00e9alables<\/h3>\t\t\t\t<\/div>\n\t\t\t\t<\/div>\n\t\t\t\t<div class=\"elementor-element elementor-element-35d8735 elementor-widget-divider--view-line elementor-widget elementor-widget-divider\" data-id=\"35d8735\" data-element_type=\"widget\" data-e-type=\"widget\" data-widget_type=\"divider.default\">\n\t\t\t\t<div class=\"elementor-widget-container\">\n\t\t\t\t\t\t\t<div class=\"elementor-divider\">\n\t\t\t<span class=\"elementor-divider-separator\">\n\t\t\t\t\t\t<\/span>\n\t\t<\/div>\n\t\t\t\t\t\t<\/div>\n\t\t\t\t<\/div>\n\t\t<div class=\"elementor-element elementor-element-39486f9 e-grid e-con-boxed e-con e-child\" data-id=\"39486f9\" data-element_type=\"container\" data-e-type=\"container\">\n\t\t\t\t\t<div class=\"e-con-inner\">\n\t\t<div class=\"elementor-element elementor-element-05a6323 e-con-full e-flex e-con e-child\" data-id=\"05a6323\" data-element_type=\"container\" data-e-type=\"container\">\n\t\t\t\t<div class=\"elementor-element elementor-element-6877b58 elementor-widget elementor-widget-heading\" data-id=\"6877b58\" data-element_type=\"widget\" data-e-type=\"widget\" data-widget_type=\"heading.default\">\n\t\t\t\t<div class=\"elementor-widget-container\">\n\t\t\t\t\t<h4 class=\"elementor-heading-title elementor-size-default\">Une comp\u00e9tence<\/h4>\t\t\t\t<\/div>\n\t\t\t\t<\/div>\n\t\t\t\t<div class=\"elementor-element elementor-element-305df87 elementor-widget-divider--view-line elementor-widget elementor-widget-divider\" data-id=\"305df87\" data-element_type=\"widget\" data-e-type=\"widget\" data-widget_type=\"divider.default\">\n\t\t\t\t<div class=\"elementor-widget-container\">\n\t\t\t\t\t\t\t<div class=\"elementor-divider\">\n\t\t\t<span class=\"elementor-divider-separator\">\n\t\t\t\t\t\t<\/span>\n\t\t<\/div>\n\t\t\t\t\t\t<\/div>\n\t\t\t\t<\/div>\n\t\t\t\t<div class=\"elementor-element elementor-element-8857dfb elementor-widget elementor-widget-text-editor\" data-id=\"8857dfb\" data-element_type=\"widget\" data-e-type=\"widget\" data-widget_type=\"text-editor.default\">\n\t\t\t\t<div class=\"elementor-widget-container\">\n\t\t\t\t\t\t\t\t\t<p>Le dipl\u00f4me MMI est compos\u00e9 de cinq comp\u00e9tences qui sont un ensemble de savoirs, savoir-faire et savoir-\u00eatre repr\u00e9sentatifs des situations professionnelles<\/p>\t\t\t\t\t\t\t\t<\/div>\n\t\t\t\t<\/div>\n\t\t\t\t<div class=\"elementor-element elementor-element-a5946b8 elementor-widget elementor-widget-text-editor\" data-id=\"a5946b8\" data-element_type=\"widget\" data-e-type=\"widget\" data-widget_type=\"text-editor.default\">\n\t\t\t\t<div class=\"elementor-widget-container\">\n\t\t\t\t\t\t\t\t\t<ul>\n<li>Comprendre<\/li>\n<li>Concevoir<\/li>\n<li>Exprimer<\/li>\n<li>D\u00e9velopper<\/li>\n<li>Entreprendre<\/li>\n<\/ul>\t\t\t\t\t\t\t\t<\/div>\n\t\t\t\t<\/div>\n\t\t\t\t<div class=\"elementor-element elementor-element-e55edb1 elementor-align-center elementor-widget elementor-widget-button\" data-id=\"e55edb1\" data-element_type=\"widget\" data-e-type=\"widget\" data-widget_type=\"button.default\">\n\t\t\t\t<div class=\"elementor-widget-container\">\n\t\t\t\t\t\t\t\t\t<div class=\"elementor-button-wrapper\">\n\t\t\t\t\t<a class=\"elementor-button elementor-button-link elementor-size-sm\" href=\"https:\/\/portfolios.24.gremmi.fr\/competence-but\/\">\n\t\t\t\t\t\t<span class=\"elementor-button-content-wrapper\">\n\t\t\t\t\t\t\t\t\t<span class=\"elementor-button-text\">Voir les comp\u00e9tences<\/span>\n\t\t\t\t\t<\/span>\n\t\t\t\t\t<\/a>\n\t\t\t\t<\/div>\n\t\t\t\t\t\t\t\t<\/div>\n\t\t\t\t<\/div>\n\t\t\t\t<\/div>\n\t\t<div class=\"elementor-element elementor-element-9f0cafa e-con-full e-flex e-con e-child\" data-id=\"9f0cafa\" data-element_type=\"container\" data-e-type=\"container\">\n\t\t\t\t<div class=\"elementor-element elementor-element-bc4a660 elementor-widget elementor-widget-heading\" data-id=\"bc4a660\" data-element_type=\"widget\" data-e-type=\"widget\" data-widget_type=\"heading.default\">\n\t\t\t\t<div class=\"elementor-widget-container\">\n\t\t\t\t\t<h4 class=\"elementor-heading-title elementor-size-default\">Un apprentissage critique<\/h4>\t\t\t\t<\/div>\n\t\t\t\t<\/div>\n\t\t\t\t<div class=\"elementor-element elementor-element-a92f5d1 elementor-widget-divider--view-line elementor-widget elementor-widget-divider\" data-id=\"a92f5d1\" data-element_type=\"widget\" data-e-type=\"widget\" data-widget_type=\"divider.default\">\n\t\t\t\t<div class=\"elementor-widget-container\">\n\t\t\t\t\t\t\t<div class=\"elementor-divider\">\n\t\t\t<span class=\"elementor-divider-separator\">\n\t\t\t\t\t\t<\/span>\n\t\t<\/div>\n\t\t\t\t\t\t<\/div>\n\t\t\t\t<\/div>\n\t\t\t\t<div class=\"elementor-element elementor-element-e00097e elementor-widget elementor-widget-text-editor\" data-id=\"e00097e\" data-element_type=\"widget\" data-e-type=\"widget\" data-widget_type=\"text-editor.default\">\n\t\t\t\t<div class=\"elementor-widget-container\">\n\t\t\t\t\t\t\t\t\t<p>Un \u00ab Apprentissage Critique \u00bb (AC) est une sous-comp\u00e9tence pr\u00e9cise propre \u00e0 MMI.<br \/>Chaque comp\u00e9tence est ainsi d\u00e9clin\u00e9e en plusieurs AC qui lui sont propres.<\/p>\t\t\t\t\t\t\t\t<\/div>\n\t\t\t\t<\/div>\n\t\t\t\t<div class=\"elementor-element elementor-element-8fdacb8 elementor-widget elementor-widget-text-editor\" data-id=\"8fdacb8\" data-element_type=\"widget\" data-e-type=\"widget\" data-widget_type=\"text-editor.default\">\n\t\t\t\t<div class=\"elementor-widget-container\">\n\t\t\t\t\t\t\t\t\t<p>Exemple\u00a0:<\/p>\n<p>AC11.06 | R\u00e9aliser des entretiens utilisateurs pour construire des personae et des r\u00e9cits utilisateurs (user stories) = un AC de la Comp\u00e9tence 1 \u00ab\u00a0Comprendre\u00a0\u00bb.<\/p>\t\t\t\t\t\t\t\t<\/div>\n\t\t\t\t<\/div>\n\t\t\t\t<div class=\"elementor-element elementor-element-aa55a3b elementor-align-center elementor-widget elementor-widget-button\" data-id=\"aa55a3b\" data-element_type=\"widget\" data-e-type=\"widget\" data-widget_type=\"button.default\">\n\t\t\t\t<div class=\"elementor-widget-container\">\n\t\t\t\t\t\t\t\t\t<div class=\"elementor-button-wrapper\">\n\t\t\t\t\t<a class=\"elementor-button elementor-button-link elementor-size-sm\" href=\"https:\/\/portfolios.24.gremmi.fr\/ac\/\">\n\t\t\t\t\t\t<span class=\"elementor-button-content-wrapper\">\n\t\t\t\t\t\t\t\t\t<span class=\"elementor-button-text\">Voir les AC(s)<\/span>\n\t\t\t\t\t<\/span>\n\t\t\t\t\t<\/a>\n\t\t\t\t<\/div>\n\t\t\t\t\t\t\t\t<\/div>\n\t\t\t\t<\/div>\n\t\t\t\t<\/div>\n\t\t<div class=\"elementor-element elementor-element-4326021 e-con-full e-flex e-con e-child\" data-id=\"4326021\" data-element_type=\"container\" data-e-type=\"container\">\n\t\t\t\t<div class=\"elementor-element elementor-element-f100ad9 elementor-widget elementor-widget-heading\" data-id=\"f100ad9\" data-element_type=\"widget\" data-e-type=\"widget\" data-widget_type=\"heading.default\">\n\t\t\t\t<div class=\"elementor-widget-container\">\n\t\t\t\t\t<h4 class=\"elementor-heading-title elementor-size-default\">Une trace<\/h4>\t\t\t\t<\/div>\n\t\t\t\t<\/div>\n\t\t\t\t<div class=\"elementor-element elementor-element-590e83d elementor-widget-divider--view-line elementor-widget elementor-widget-divider\" data-id=\"590e83d\" data-element_type=\"widget\" data-e-type=\"widget\" data-widget_type=\"divider.default\">\n\t\t\t\t<div class=\"elementor-widget-container\">\n\t\t\t\t\t\t\t<div class=\"elementor-divider\">\n\t\t\t<span class=\"elementor-divider-separator\">\n\t\t\t\t\t\t<\/span>\n\t\t<\/div>\n\t\t\t\t\t\t<\/div>\n\t\t\t\t<\/div>\n\t\t\t\t<div class=\"elementor-element elementor-element-2f37890 elementor-widget elementor-widget-text-editor\" data-id=\"2f37890\" data-element_type=\"widget\" data-e-type=\"widget\" data-widget_type=\"text-editor.default\">\n\t\t\t\t<div class=\"elementor-widget-container\">\n\t\t\t\t\t\t\t\t\t<p>Une \u00ab\u00a0trace\u00a0\u00bb est une preuve de vos apprentissages au sein de la formation MMI.<br \/>Vous pouvez d\u00e9poser diff\u00e9rents types de formats de traces (texte, image, vid\u00e9o, URL).<\/p>\t\t\t\t\t\t\t\t<\/div>\n\t\t\t\t<\/div>\n\t\t\t\t<div class=\"elementor-element elementor-element-f93c351 elementor-widget elementor-widget-text-editor\" data-id=\"f93c351\" data-element_type=\"widget\" data-e-type=\"widget\" data-widget_type=\"text-editor.default\">\n\t\t\t\t<div class=\"elementor-widget-container\">\n\t\t\t\t\t\t\t\t\t<p><span style=\"color: #ff0000;\"><strong>Vous devez avoir au moins une trace du semestre 2 ou 4 (et pas 3 traces du semestre 1 ou 3).<\/strong><\/span><\/p>\t\t\t\t\t\t\t\t<\/div>\n\t\t\t\t<\/div>\n\t\t\t\t<div class=\"elementor-element elementor-element-0035333 elementor-widget elementor-widget-text-editor\" data-id=\"0035333\" data-element_type=\"widget\" data-e-type=\"widget\" data-widget_type=\"text-editor.default\">\n\t\t\t\t<div class=\"elementor-widget-container\">\n\t\t\t\t\t\t\t\t\t<p>Exemples de traces\u00a0:<\/p>\n<ul>\n<li>Un DM<\/li>\n<li>Un compte-rendu de TP<\/li>\n<li>Un exercice<\/li>\n<li>Une r\u00e9alisation d\u2019esth\u00e9tisme, de graphisme ou d\u2019audiovisuel<\/li>\n<li>Un livrable de SAE<\/li>\n<\/ul>\t\t\t\t\t\t\t\t<\/div>\n\t\t\t\t<\/div>\n\t\t\t\t<\/div>\n\t\t\t\t\t<\/div>\n\t\t\t\t<\/div>\n\t\t\t\t<\/div>\n\t\t\t\t\t<\/div>\n\t\t\t\t<\/div>\n\t\t<div class=\"elementor-element elementor-element-ea795a4 e-flex e-con-boxed e-con e-parent\" data-id=\"ea795a4\" data-element_type=\"container\" data-e-type=\"container\">\n\t\t\t\t\t<div class=\"e-con-inner\">\n\t\t<div class=\"elementor-element elementor-element-baac834 e-con-full e-flex e-con e-child\" data-id=\"baac834\" data-element_type=\"container\" data-e-type=\"container\" data-settings=\"{&quot;background_background&quot;:&quot;classic&quot;}\">\n\t\t\t\t<div class=\"elementor-element elementor-element-d5edf23 elementor-widget elementor-widget-heading\" data-id=\"d5edf23\" data-element_type=\"widget\" data-e-type=\"widget\" data-widget_type=\"heading.default\">\n\t\t\t\t<div class=\"elementor-widget-container\">\n\t\t\t\t\t<h2 class=\"elementor-heading-title elementor-size-default\">Travail \u00e0 r\u00e9aliser (3 \u00e9tapes)<\/h2>\t\t\t\t<\/div>\n\t\t\t\t<\/div>\n\t\t\t\t<div class=\"elementor-element elementor-element-13d3e51 elementor-widget-divider--view-line elementor-widget elementor-widget-divider\" data-id=\"13d3e51\" data-element_type=\"widget\" data-e-type=\"widget\" data-widget_type=\"divider.default\">\n\t\t\t\t<div class=\"elementor-widget-container\">\n\t\t\t\t\t\t\t<div class=\"elementor-divider\">\n\t\t\t<span class=\"elementor-divider-separator\">\n\t\t\t\t\t\t<\/span>\n\t\t<\/div>\n\t\t\t\t\t\t<\/div>\n\t\t\t\t<\/div>\n\t\t<div class=\"elementor-element elementor-element-2b94cef e-con-full e-flex e-con e-child\" data-id=\"2b94cef\" data-element_type=\"container\" data-e-type=\"container\">\n\t\t\t\t<div class=\"elementor-element elementor-element-289f130 elementor-widget elementor-widget-heading\" data-id=\"289f130\" data-element_type=\"widget\" data-e-type=\"widget\" data-widget_type=\"heading.default\">\n\t\t\t\t<div class=\"elementor-widget-container\">\n\t\t\t\t\t<h2 class=\"elementor-heading-title elementor-size-default\">1\u00e8re \u00e9tape :<\/h2>\t\t\t\t<\/div>\n\t\t\t\t<\/div>\n\t\t\t\t<div class=\"elementor-element elementor-element-f336db0 elementor-blockquote--skin-boxed elementor-widget elementor-widget-blockquote\" data-id=\"f336db0\" data-element_type=\"widget\" data-e-type=\"widget\" data-widget_type=\"blockquote.default\">\n\t\t\t\t<div class=\"elementor-widget-container\">\n\t\t\t\t\t\t\t<blockquote class=\"elementor-blockquote\">\n\t\t\t<p class=\"elementor-blockquote__content\">\n\t\t\t\tExpliquez votre projet professionnel \u00e0 ce jour. Cette r\u00e9flexion est amen\u00e9e \u00e0 \u00e9voluer.\n\n\t\t\t<\/p>\n\t\t\t\t\t\t\t<div class=\"e-q-footer\">\n\t\t\t\t\t\t\t\t\t\t\t<cite class=\"elementor-blockquote__author\">Laetitia C.<\/cite>\n\t\t\t\t\t\t\t\t\t\t\t\t\t\t<\/div>\n\t\t\t\t\t<\/blockquote>\n\t\t\t\t\t\t<\/div>\n\t\t\t\t<\/div>\n\t\t\t\t<div class=\"elementor-element elementor-element-7d3f19a elementor-widget elementor-widget-text-editor\" data-id=\"7d3f19a\" data-element_type=\"widget\" data-e-type=\"widget\" data-widget_type=\"text-editor.default\">\n\t\t\t\t<div class=\"elementor-widget-container\">\n\t\t\t\t\t\t\t\t\t<p>Expliquez votre projet professionnel \u00e0 ce jour. Cette r\u00e9flexion est amen\u00e9e \u00e0 \u00e9voluer.<\/p>\t\t\t\t\t\t\t\t<\/div>\n\t\t\t\t<\/div>\n\t\t\t\t<\/div>\n\t\t<div class=\"elementor-element elementor-element-0dc8236 e-con-full e-flex e-con e-child\" data-id=\"0dc8236\" data-element_type=\"container\" data-e-type=\"container\">\n\t\t\t\t<div class=\"elementor-element elementor-element-42bd831 elementor-widget elementor-widget-heading\" data-id=\"42bd831\" data-element_type=\"widget\" data-e-type=\"widget\" data-widget_type=\"heading.default\">\n\t\t\t\t<div class=\"elementor-widget-container\">\n\t\t\t\t\t<h2 class=\"elementor-heading-title elementor-size-default\">2\u00e8me \u00e9tape :<\/h2>\t\t\t\t<\/div>\n\t\t\t\t<\/div>\n\t\t\t\t<div class=\"elementor-element elementor-element-483fe8c elementor-blockquote--skin-boxed elementor-widget elementor-widget-blockquote\" data-id=\"483fe8c\" data-element_type=\"widget\" data-e-type=\"widget\" data-widget_type=\"blockquote.default\">\n\t\t\t\t<div class=\"elementor-widget-container\">\n\t\t\t\t\t\t\t<blockquote class=\"elementor-blockquote\">\n\t\t\t<p class=\"elementor-blockquote__content\">\n\t\t\t\tPour chaque comp\u00e9tence, apportez les traces justifiant vos apprentissages\n\n\t\t\t<\/p>\n\t\t\t\t\t\t\t<div class=\"e-q-footer\">\n\t\t\t\t\t\t\t\t\t\t\t<cite class=\"elementor-blockquote__author\">Laetitia C.<\/cite>\n\t\t\t\t\t\t\t\t\t\t\t\t\t\t<\/div>\n\t\t\t\t\t<\/blockquote>\n\t\t\t\t\t\t<\/div>\n\t\t\t\t<\/div>\n\t\t\t\t<div class=\"elementor-element elementor-element-6a8fbd9 elementor-widget elementor-widget-text-editor\" data-id=\"6a8fbd9\" data-element_type=\"widget\" data-e-type=\"widget\" data-widget_type=\"text-editor.default\">\n\t\t\t\t<div class=\"elementor-widget-container\">\n\t\t\t\t\t\t\t\t\t<ul>\n<li>Trois traces au minimum sont \u00e0 apporter chaque ann\u00e9e pour chacune des cinq comp\u00e9tences (soit 15 traces minimum).<\/li>\n<li>Ne cherchez pas \u00e0 donner des traces qui t\u00e9moignent toujours de r\u00e9ussites. Vous \u00eates \u00e9valu\u00e9s sur la qualit\u00e9 de votre prise de recul et non sur votre niveau de ma\u00eetrise.<\/li>\n<li>Indiquez si la trace a \u00e9t\u00e9 r\u00e9alis\u00e9e dans le cadre d\u2019un travail de groupe ou de mani\u00e8re individuelle.<\/li>\n<\/ul>\t\t\t\t\t\t\t\t<\/div>\n\t\t\t\t<\/div>\n\t\t\t\t<div class=\"elementor-element elementor-element-e520f2e elementor-blockquote--skin-boxed elementor-widget elementor-widget-blockquote\" data-id=\"e520f2e\" data-element_type=\"widget\" data-e-type=\"widget\" data-widget_type=\"blockquote.default\">\n\t\t\t\t<div class=\"elementor-widget-container\">\n\t\t\t\t\t\t\t<blockquote class=\"elementor-blockquote\">\n\t\t\t<p class=\"elementor-blockquote__content\">\n\t\t\t\tQuelles sont les attentes de la case \u00ab argumentaire \u00bb  ?\n\n\t\t\t<\/p>\n\t\t\t\t\t\t\t<div class=\"e-q-footer\">\n\t\t\t\t\t\t\t\t\t\t\t<cite class=\"elementor-blockquote__author\">Laetitia C.<\/cite>\n\t\t\t\t\t\t\t\t\t\t\t\t\t\t<\/div>\n\t\t\t\t\t<\/blockquote>\n\t\t\t\t\t\t<\/div>\n\t\t\t\t<\/div>\n\t\t\t\t<div class=\"elementor-element elementor-element-45bb201 elementor-widget elementor-widget-text-editor\" data-id=\"45bb201\" data-element_type=\"widget\" data-e-type=\"widget\" data-widget_type=\"text-editor.default\">\n\t\t\t\t<div class=\"elementor-widget-container\">\n\t\t\t\t\t\t\t\t\t<ul>\n<li>Une description pr\u00e9cise de la trace (contexte, objectifs).<\/li>\n<li>Dans le cadre d\u2019un travail en groupe, expliquez ce que vous avez personnellement r\u00e9alis\u00e9.<\/li>\n<li>Une analyse de votre trace en deux points :\n<ul>\n<li>faire le lien entre la trace choisie et la comp\u00e9tence (en s\u2019appuyant sur les d\u00e9finitions donn\u00e9es)<\/li>\n<li>Faire le lien entre la trace choisie et un apprentissage critique de la comp\u00e9tence (en s\u2019appuyant sur les intitul\u00e9s des AC)<\/li>\n<\/ul>\n<\/li>\n<li>Pour chaque comp\u00e9tence, n\u2019oubliez pas de donner votre niveau d\u2019acquisition ressenti pour chaque AC de la comp\u00e9tence (curseur de 0 \u00e0 5).<\/li>\n<\/ul>\t\t\t\t\t\t\t\t<\/div>\n\t\t\t\t<\/div>\n\t\t\t\t<\/div>\n\t\t<div class=\"elementor-element elementor-element-808b2b5 e-con-full e-flex e-con e-child\" data-id=\"808b2b5\" data-element_type=\"container\" data-e-type=\"container\">\n\t\t\t\t<div class=\"elementor-element elementor-element-2b262ac elementor-widget elementor-widget-heading\" data-id=\"2b262ac\" data-element_type=\"widget\" data-e-type=\"widget\" data-widget_type=\"heading.default\">\n\t\t\t\t<div class=\"elementor-widget-container\">\n\t\t\t\t\t<h2 class=\"elementor-heading-title elementor-size-default\">3\u00e8me \u00e9tape :<\/h2>\t\t\t\t<\/div>\n\t\t\t\t<\/div>\n\t\t\t\t<div class=\"elementor-element elementor-element-d2fc84c elementor-blockquote--skin-boxed elementor-widget elementor-widget-blockquote\" data-id=\"d2fc84c\" data-element_type=\"widget\" data-e-type=\"widget\" data-widget_type=\"blockquote.default\">\n\t\t\t\t<div class=\"elementor-widget-container\">\n\t\t\t\t\t\t\t<blockquote class=\"elementor-blockquote\">\n\t\t\t<p class=\"elementor-blockquote__content\">\n\t\t\t\tComment faire une synth\u00e8se de vos acquis ?\n\n\t\t\t<\/p>\n\t\t\t\t\t\t\t<div class=\"e-q-footer\">\n\t\t\t\t\t\t\t\t\t\t\t<cite class=\"elementor-blockquote__author\">Laetitia C.<\/cite>\n\t\t\t\t\t\t\t\t\t\t\t\t\t\t<\/div>\n\t\t\t\t\t<\/blockquote>\n\t\t\t\t\t\t<\/div>\n\t\t\t\t<\/div>\n\t\t\t\t<div class=\"elementor-element elementor-element-0ba1cf5 elementor-widget elementor-widget-text-editor\" data-id=\"0ba1cf5\" data-element_type=\"widget\" data-e-type=\"widget\" data-widget_type=\"text-editor.default\">\n\t\t\t\t<div class=\"elementor-widget-container\">\n\t\t\t\t\t\t\t\t\t<p>R\u00e9pondre \u00e0 la question\u00a0:\u00a0<strong>votre projet professionnel est-il coh\u00e9rent au regard de celui initialement pr\u00e9sent\u00e9 et des diff\u00e9rentes traces analys\u00e9es\u00a0?<\/strong><\/p>\n<p>Cette d\u00e9marche doit \u00eatre r\u00e9flexive. Pour structure votre r\u00e9ponse vous pouvez expliquer les enseignements que vous tirez de votre portfolio et les plans d\u2019actions \u00e9ventuels que pourriez mettre en place pour parvenir \u00e0 votre projet.<\/p>\t\t\t\t\t\t\t\t<\/div>\n\t\t\t\t<\/div>\n\t\t\t\t<\/div>\n\t\t\t\t<\/div>\n\t\t\t\t\t<\/div>\n\t\t\t\t<\/div>\n\t\t\t\t<\/div>\n\t\t","protected":false},"excerpt":{"rendered":"<p>C&rsquo;est quoi un portfolio ? D\u00e9finitions pr\u00e9alables Une comp\u00e9tence Le dipl\u00f4me MMI est compos\u00e9 de cinq comp\u00e9tences qui sont un ensemble de savoirs, savoir-faire et savoir-\u00eatre repr\u00e9sentatifs des situations professionnelles Comprendre Concevoir Exprimer D\u00e9velopper Entreprendre Voir les comp\u00e9tences Un apprentissage critique Un \u00ab Apprentissage Critique \u00bb (AC) est une sous-comp\u00e9tence pr\u00e9cise propre \u00e0 MMI.Chaque comp\u00e9tence [&hellip;]<\/p>\n","protected":false},"author":1,"featured_media":0,"parent":0,"menu_order":0,"comment_status":"closed","ping_status":"closed","template":"","meta":{"_acf_changed":false,"footnotes":""},"class_list":["post-523","page","type-page","status-publish","hentry"],"acf":[],"_links":{"self":[{"href":"https:\/\/portfolios.24.gremmi.fr\/index.php?rest_route=\/wp\/v2\/pages\/523","targetHints":{"allow":["GET"]}}],"collection":[{"href":"https:\/\/portfolios.24.gremmi.fr\/index.php?rest_route=\/wp\/v2\/pages"}],"about":[{"href":"https:\/\/portfolios.24.gremmi.fr\/index.php?rest_route=\/wp\/v2\/types\/page"}],"author":[{"embeddable":true,"href":"https:\/\/portfolios.24.gremmi.fr\/index.php?rest_route=\/wp\/v2\/users\/1"}],"replies":[{"embeddable":true,"href":"https:\/\/portfolios.24.gremmi.fr\/index.php?rest_route=%2Fwp%2Fv2%2Fcomments&post=523"}],"version-history":[{"count":24,"href":"https:\/\/portfolios.24.gremmi.fr\/index.php?rest_route=\/wp\/v2\/pages\/523\/revisions"}],"predecessor-version":[{"id":1679,"href":"https:\/\/portfolios.24.gremmi.fr\/index.php?rest_route=\/wp\/v2\/pages\/523\/revisions\/1679"}],"wp:attachment":[{"href":"https:\/\/portfolios.24.gremmi.fr\/index.php?rest_route=%2Fwp%2Fv2%2Fmedia&parent=523"}],"curies":[{"name":"wp","href":"https:\/\/api.w.org\/{rel}","templated":true}]}}